{"id":12860,"date":"2020-06-10T18:10:31","date_gmt":"2020-06-10T16:10:31","guid":{"rendered":"https:\/\/bboxigen.com\/?page_id=12860"},"modified":"2024-03-22T11:44:06","modified_gmt":"2024-03-22T10:44:06","slug":"blog","status":"publish","type":"page","link":"https:\/\/bboxigen.com\/es\/blog\/","title":{"rendered":"Blog"},"content":{"rendered":"\t\t<div data-elementor-type=\"wp-page\" data-elementor-id=\"12860\" class=\"elementor elementor-12860 elementor-422\">\n\t\t\t\t<div class=\"elementor-element elementor-element-1a5fd7d e-flex e-con-boxed e-con e-parent\" data-id=\"1a5fd7d\" data-element_type=\"container\" data-settings=\"{&quot;content_width&quot;:&quot;boxed&quot;}\" data-core-v316-plus=\"true\">\n\t\t\t\t\t<div class=\"e-con-inner\">\n\t\t\t\t<div class=\"elementor-element elementor-element-dbf8238 elementor-widget elementor-widget-heading\" data-id=\"dbf8238\" data-element_type=\"widget\" data-widget_type=\"heading.default\">\n\t\t\t\t<div class=\"elementor-widget-container\">\n\t\t\t<style>\/*! elementor - v3.19.0 - 28-02-2024 *\/\n.elementor-heading-title{padding:0;margin:0;line-height:1}.elementor-widget-heading .elementor-heading-title[class*=elementor-size-]>a{color:inherit;font-size:inherit;line-height:inherit}.elementor-widget-heading .elementor-heading-title.elementor-size-small{font-size:15px}.elementor-widget-heading .elementor-heading-title.elementor-size-medium{font-size:19px}.elementor-widget-heading .elementor-heading-title.elementor-size-large{font-size:29px}.elementor-widget-heading .elementor-heading-title.elementor-size-xl{font-size:39px}.elementor-widget-heading .elementor-heading-title.elementor-size-xxl{font-size:59px}<\/style><h1 class=\"elementor-heading-title elementor-size-default\">BLOG - BBOXIGEN<\/h1>\t\t<\/div>\n\t\t\t\t<\/div>\n\t\t\t\t\t<\/div>\n\t\t\t\t<\/div>\n\t\t\t\t<section class=\"elementor-section elementor-top-section elementor-element elementor-element-9628ae4 elementor-section-boxed elementor-section-height-default elementor-section-height-default\" data-id=\"9628ae4\" data-element_type=\"section\">\n\t\t\t\t\t\t<div class=\"elementor-container elementor-column-gap-default\">\n\t\t\t\t\t<div class=\"elementor-column elementor-col-100 elementor-top-column elementor-element elementor-element-d84a301\" data-id=\"d84a301\" data-element_type=\"column\">\n\t\t\t<div class=\"elementor-widget-wrap elementor-element-populated\">\n\t\t\t\t\t\t<section class=\"elementor-section elementor-inner-section elementor-element elementor-element-be36d92 elementor-section-boxed elementor-section-height-default elementor-section-height-default\" data-id=\"be36d92\" data-element_type=\"section\">\n\t\t\t\t\t\t<div class=\"elementor-container elementor-column-gap-default\">\n\t\t\t\t\t<div class=\"elementor-column elementor-col-100 elementor-inner-column elementor-element elementor-element-83c0b99\" data-id=\"83c0b99\" data-element_type=\"column\">\n\t\t\t<div class=\"elementor-widget-wrap elementor-element-populated\">\n\t\t\t\t\t\t<div class=\"elementor-element elementor-element-5aea08c elementor-widget elementor-widget-witr_blog_section\" data-id=\"5aea08c\" data-element_type=\"widget\" data-widget_type=\"witr_blog_section.default\">\n\t\t\t\t<div class=\"elementor-widget-container\">\n\t\t\t\t\t\t<!-- Blog Section -->\r\n\t\t\t<div class=\"witr_blog_area11 witr_blog_area16\">\r\n\t\t\t\t<div class=\"blog_wrap blogcar_id1\">\r\n\t\t\t\t\t\t\t\t\t\t\r\n\t\t\t\t\t\t<div class=\"witr_all_mb_30   col-md-12 col-xs-12 col-sm-12 \" >\r\n\t\t\t\t\t\t\t<div id=\"post-12858\" class=\"post-12858 post type-post status-publish format-standard has-post-thumbnail hentry category-sin-categorizar\">\r\n\t\t\t\t\t\t\t\t<div class=\"busi_singleBlog\">\r\n\t\t\t\t\t\t\t\t\t<!-- image -->\r\n\t\t\t\t\t\t\t\t\t\t\t\t\t\t\t\t\t\t<div class=\"witr_sb_thumb\">\r\n\t\t\t\t\t\t\t\t\t\t<a href=\"https:\/\/bboxigen.com\/es\/la-revolucio-de-la-depilacio-laser-descobreix-una-pell-suau-i-lliure-de-pel\/\"> <img fetchpriority=\"high\" decoding=\"async\" width=\"390\" height=\"350\" src=\"https:\/\/bboxigen.com\/wp-content\/uploads\/2024\/03\/Blog-depilacio-laser-390x350.jpg\" class=\"attachment-coffeytea-blog-default size-coffeytea-blog-default wp-post-image\" alt=\"\" \/> <\/a>\r\n\r\n\t\t\t\t\t\t\t\t\t\t\t\t\t\t\t\t\t\t\t<\/div>\t\r\n\t\t\t\t\t\t\t\t\t\t\t\t\t\t\t\t\t\t<div class=\"all_blog_color\">\t\r\n\t\t\t\t\t\t\t\t\t\t<div class=\"witr_blog_con bs5\">\t\t\t\t\t\t\t\t\t\r\n\t\t\t\t\t\t\t\t\t\t\t<!-- title -->\r\n\t\t\t\t\t\t\t\t\t\t\t<h2><a href=\"https:\/\/bboxigen.com\/es\/la-revolucio-de-la-depilacio-laser-descobreix-una-pell-suau-i-lliure-de-pel\/\">La Revoluci\u00f3 de la Depilaci\u00f3 L\u00e0ser: Descobreix una<\/a><\/h2>\r\n\t\t\t\t\t\t\t\t\t\t\t<!-- content -->\r\n\t\t\t\t\t\t\t\t\t\t\t\t\t\t\t\t\t\t\t\t\t\t\t<p>Benvinguts al blog deOxigen, on avui ens endinsarem en el m\u00f3n de la depilaci\u00f3 l\u00e0ser, una revoluci\u00f3 en el camp<\/p>\t\t\t\t\t\t\t\t\t\t\t\t\t\t\t\t\t\t\t\t\t\t\t\t\t\t\t\t\t\t\t\t\t<div class=\"witr_blog_border\"><\/div>\r\n\t\t\t\t\t\t\t\t\t\t\t<!--  post meta -->\r\n\t\t\t\t\t\t\t\t\t\t\t\t\t\t\t\t\t\t\t\t\t\t\t\t\r\n\t\t\t\t\t\t\t\t\t\t\t\t\t\t\t\t\t\t\t\t\t\t\t\t\t\t\t<span><a href=\"https:\/\/bboxigen.com\/es\/author\/admindz\/\"><i class=\"icofont-user-alt-3\"><\/i> AdminDZ<\/a><\/span>\r\n\t\t\t\t\t\t\t\t\t\t\t\t\t\t\t\t\t\t\t\t\t\t\t\t\t\t\r\n\t\t\t\t\t\t\t\t\t\t\t\t\t\t\t\t\t\t\t\t\t\t\t\t\t\t\t\t\t\t\t\t\t\t\t\t\t\t\t\t\r\n\t\t\t\t\t\t\t\t\t\t\t\t\t\t\t\t\t\t\t\t\t\t\t\t\t\r\n\t\t\t\t\t\t\t\t\t\t\t\t\t\t\t\t\t\t\t\t\t\t\t\t\t\t\r\n\t\t\t\t\t\t\t\t\t\t\t\t\t\t\t\t\t\t\t\t\t\t\t\t\t\t\t<span><a href=\"#\"><i class=\"icofont-ui-clock\"><\/i><\/a> 04 Mar 2024<\/span>\r\n\t\t\t\t\t\t\t\t\t\t\t\t\t\t\t\t\t\t\t\t\t\t\t\t\t\t\t\t\t\t\t\t\t\t\t\t\t\t\t\t\r\n\t\t\t\t\t\t\t\t\t\t\t\t\t\t\t\t\t\t\t\t\t\t\t\r\n\t\t\t\t\t\t\t\t\t\t<\/div>\r\n\t\t\t\t\t\t\t\t\t\t\t\r\n\t\t\t\t\t\t\t\t\t\t\r\n\t\t\t\t\t\t\t\t\t\t\r\n\t\t\t\t\t\t\t\t\t<\/div>\r\n\t\t\t\t\t\t\t\t\t\r\n\t\t\t\t\t\t\t\t<\/div>\r\n\t\t\t\t\t\t\t<\/div>\r\n\t\t\t\t\t\t<\/div>\r\n\t\t\t\t\t\t\r\n\t\t\t\t\t\t\t\t\t\t\t\r\n\t\t\t\t<\/div>\r\n\t\t\t<\/div>\r\n\t\t\t<!-- Blog Section -->\t\t\t\t\t\t\t\t\t\t\t\t\r\n\t\t<script type='text\/javascript'>\r\n\t\t\tjQuery(function($){\t\t\t\t\r\n\t\t\t\tvar witrbslick = $('.blogcar_id1');\t\t\t\t\r\n\t\t\t\tif(witrbslick.length > 0){\r\n\t\t\t\twitrbslick.slick({\r\n\t\t\t\t\tinfinite: true,\r\n\t\t\t\t\tautoplay: true,\r\n\t\t\t\t\tautoplaySpeed: 3000,\r\n\t\t\t\t\tspeed: 1000,\t\t\t\t\t\r\n\t\t\t\t\tslidesToShow: 3,\r\n\t\t\t\t\tslidesToScroll: 1,\r\n\t\t\t\t\t\t\t\t\t\tarrows: true,\r\n\t\t\t\t\tdots: false,\r\n\t\t\t\t\tresponsive: [\r\n\t\t\t\t\t\t{\r\n\t\t\t\t\t\t\tbreakpoint: 1200,\r\n\t\t\t\t\t\t\tsettings: {\r\n\t\t\t\t\t\t\t\tslidesToShow: 3,\r\n\t\t\t\t\t\t\t\tslidesToScroll: 1,\r\n\t\t\t\t\t\t\t}\r\n\t\t\t\t\t},\r\n\t\t\t\t\t\t{\r\n\t\t\t\t\t\t\tbreakpoint: 992,\r\n\t\t\t\t\t\t\tsettings: {\r\n\t\t\t\t\t\t\t\tslidesToShow: 2,\r\n\t\t\t\t\t\t\t\tslidesToScroll: 1,\r\n\t\t\t\t\t\t\t}\r\n\t\t\t\t\t},\r\n\t\t\t\t\t\t{\r\n\t\t\t\t\t\t\tbreakpoint: 767,\r\n\t\t\t\t\t\t\tsettings: {\r\n\t\t\t\t\t\t\t\tslidesToShow: 1,\r\n\t\t\t\t\t\t\t\tslidesToScroll: 1,\r\n\t\t\t\t\t\t\t}\r\n\t\t\t\t\t}\r\n\t\t\t\t\t]\r\n\t\t\t\t});\r\n\t\t\t}\r\n\r\n\t\t\t});\r\n\t\t<\/script>\t\t\t<\/div>\n\t\t\t\t<\/div>\n\t\t\t\t\t<\/div>\n\t\t<\/div>\n\t\t\t\t\t<\/div>\n\t\t<\/section>\n\t\t\t\t\t<\/div>\n\t\t<\/div>\n\t\t\t\t\t<\/div>\n\t\t<\/section>\n\t\t\t\t<\/div>\n\t\t","protected":false},"excerpt":{"rendered":"<p>BLOG &#8211; BBOXIGEN La Revoluci\u00f3 de la Depilaci\u00f3 L\u00e0ser: Descobreix una Benvinguts al blog deOxigen, on avui ens endinsarem en el m\u00f3n de la depilaci\u00f3 l\u00e0ser, una revoluci\u00f3 en el camp AdminDZ 04 Mar 2024<\/p>\n","protected":false},"author":1,"featured_media":0,"parent":0,"menu_order":0,"comment_status":"closed","ping_status":"closed","template":"template-home.php","meta":{"footnotes":""},"class_list":["post-12860","page","type-page","status-publish","hentry"],"yoast_head":"<!-- This site is optimized with the Yoast SEO plugin v22.3 - https:\/\/yoast.com\/wordpress\/plugins\/seo\/ -->\n<title>Masajes Relajantes - El escape perfecto<\/title>\n<meta name=\"description\" content=\"Sum\u00e9rgete en un mundo de relajaci\u00f3n. Masajes terap\u00e9uticos que revitalizan cuerpo y mente.\" \/>\n<meta name=\"robots\" content=\"index, follow, max-snippet:-1, max-image-preview:large, max-video-preview:-1\" \/>\n<link rel=\"canonical\" href=\"https:\/\/bboxigen.com\/es\/blog\/\" \/>\n<meta property=\"og:locale\" content=\"es_ES\" \/>\n<meta property=\"og:type\" content=\"article\" \/>\n<meta property=\"og:title\" content=\"Masajes Relajantes - El escape perfecto\" \/>\n<meta property=\"og:description\" content=\"Sum\u00e9rgete en un mundo de relajaci\u00f3n. Masajes terap\u00e9uticos que revitalizan cuerpo y mente.\" \/>\n<meta property=\"og:url\" content=\"https:\/\/bboxigen.com\/es\/blog\/\" \/>\n<meta property=\"og:site_name\" content=\"Bboxigen\" \/>\n<meta property=\"article:modified_time\" content=\"2024-03-22T10:44:06+00:00\" \/>\n<meta property=\"og:image\" content=\"https:\/\/bboxigen.com\/wp-content\/uploads\/2024\/03\/Blog-depilacio-laser-390x350.jpg\" \/>\n<meta name=\"twitter:card\" content=\"summary_large_image\" \/>\n<meta name=\"twitter:label1\" content=\"Tiempo de lectura\" \/>\n\t<meta name=\"twitter:data1\" content=\"1 minuto\" \/>\n<script type=\"application\/ld+json\" class=\"yoast-schema-graph\">{\"@context\":\"https:\/\/schema.org\",\"@graph\":[{\"@type\":\"WebPage\",\"@id\":\"https:\/\/bboxigen.com\/es\/blog\/\",\"url\":\"https:\/\/bboxigen.com\/es\/blog\/\",\"name\":\"Masajes Relajantes - El escape perfecto\",\"isPartOf\":{\"@id\":\"https:\/\/bboxigen.com\/#website\"},\"primaryImageOfPage\":{\"@id\":\"https:\/\/bboxigen.com\/es\/blog\/#primaryimage\"},\"image\":{\"@id\":\"https:\/\/bboxigen.com\/es\/blog\/#primaryimage\"},\"thumbnailUrl\":\"https:\/\/bboxigen.com\/wp-content\/uploads\/2024\/03\/Blog-depilacio-laser-390x350.jpg\",\"datePublished\":\"2020-06-10T16:10:31+00:00\",\"dateModified\":\"2024-03-22T10:44:06+00:00\",\"description\":\"Sum\u00e9rgete en un mundo de relajaci\u00f3n. Masajes terap\u00e9uticos que revitalizan cuerpo y mente.\",\"breadcrumb\":{\"@id\":\"https:\/\/bboxigen.com\/es\/blog\/#breadcrumb\"},\"inLanguage\":\"es\",\"potentialAction\":[{\"@type\":\"ReadAction\",\"target\":[\"https:\/\/bboxigen.com\/es\/blog\/\"]}]},{\"@type\":\"ImageObject\",\"inLanguage\":\"es\",\"@id\":\"https:\/\/bboxigen.com\/es\/blog\/#primaryimage\",\"url\":\"https:\/\/bboxigen.com\/wp-content\/uploads\/2024\/03\/Blog-depilacio-laser-scaled.jpg\",\"contentUrl\":\"https:\/\/bboxigen.com\/wp-content\/uploads\/2024\/03\/Blog-depilacio-laser-scaled.jpg\",\"width\":2560,\"height\":1707,\"caption\":\"Blog depilacio laser\"},{\"@type\":\"BreadcrumbList\",\"@id\":\"https:\/\/bboxigen.com\/es\/blog\/#breadcrumb\",\"itemListElement\":[{\"@type\":\"ListItem\",\"position\":1,\"name\":\"Inici\",\"item\":\"https:\/\/bboxigen.com\/es\/\"},{\"@type\":\"ListItem\",\"position\":2,\"name\":\"Blog\"}]},{\"@type\":\"WebSite\",\"@id\":\"https:\/\/bboxigen.com\/#website\",\"url\":\"https:\/\/bboxigen.com\/\",\"name\":\"Bboxigen\",\"description\":\"\",\"publisher\":{\"@id\":\"https:\/\/bboxigen.com\/#organization\"},\"potentialAction\":[{\"@type\":\"SearchAction\",\"target\":{\"@type\":\"EntryPoint\",\"urlTemplate\":\"https:\/\/bboxigen.com\/?s={search_term_string}\"},\"query-input\":\"required name=search_term_string\"}],\"inLanguage\":\"es\"},{\"@type\":\"Organization\",\"@id\":\"https:\/\/bboxigen.com\/#organization\",\"name\":\"Bboxigen\",\"url\":\"https:\/\/bboxigen.com\/\",\"logo\":{\"@type\":\"ImageObject\",\"inLanguage\":\"es\",\"@id\":\"https:\/\/bboxigen.com\/#\/schema\/logo\/image\/\",\"url\":\"https:\/\/bboxigen.com\/wp-content\/uploads\/2024\/03\/Logotipo-Bboxigen-2-e1709577732235.png\",\"contentUrl\":\"https:\/\/bboxigen.com\/wp-content\/uploads\/2024\/03\/Logotipo-Bboxigen-2-e1709577732235.png\",\"width\":211,\"height\":98,\"caption\":\"Bboxigen\"},\"image\":{\"@id\":\"https:\/\/bboxigen.com\/#\/schema\/logo\/image\/\"},\"sameAs\":[\"https:\/\/www.instagram.com\/bb_oxigen\/\"]}]}<\/script>\n<!-- \/ Yoast SEO plugin. -->","yoast_head_json":{"title":"Masajes Relajantes - El escape perfecto","description":"Sum\u00e9rgete en un mundo de relajaci\u00f3n. Masajes terap\u00e9uticos que revitalizan cuerpo y mente.","robots":{"index":"index","follow":"follow","max-snippet":"max-snippet:-1","max-image-preview":"max-image-preview:large","max-video-preview":"max-video-preview:-1"},"canonical":"https:\/\/bboxigen.com\/es\/blog\/","og_locale":"es_ES","og_type":"article","og_title":"Masajes Relajantes - El escape perfecto","og_description":"Sum\u00e9rgete en un mundo de relajaci\u00f3n. Masajes terap\u00e9uticos que revitalizan cuerpo y mente.","og_url":"https:\/\/bboxigen.com\/es\/blog\/","og_site_name":"Bboxigen","article_modified_time":"2024-03-22T10:44:06+00:00","og_image":[{"url":"https:\/\/bboxigen.com\/wp-content\/uploads\/2024\/03\/Blog-depilacio-laser-390x350.jpg"}],"twitter_card":"summary_large_image","twitter_misc":{"Tiempo de lectura":"1 minuto"},"schema":{"@context":"https:\/\/schema.org","@graph":[{"@type":"WebPage","@id":"https:\/\/bboxigen.com\/es\/blog\/","url":"https:\/\/bboxigen.com\/es\/blog\/","name":"Masajes Relajantes - El escape perfecto","isPartOf":{"@id":"https:\/\/bboxigen.com\/#website"},"primaryImageOfPage":{"@id":"https:\/\/bboxigen.com\/es\/blog\/#primaryimage"},"image":{"@id":"https:\/\/bboxigen.com\/es\/blog\/#primaryimage"},"thumbnailUrl":"https:\/\/bboxigen.com\/wp-content\/uploads\/2024\/03\/Blog-depilacio-laser-390x350.jpg","datePublished":"2020-06-10T16:10:31+00:00","dateModified":"2024-03-22T10:44:06+00:00","description":"Sum\u00e9rgete en un mundo de relajaci\u00f3n. Masajes terap\u00e9uticos que revitalizan cuerpo y mente.","breadcrumb":{"@id":"https:\/\/bboxigen.com\/es\/blog\/#breadcrumb"},"inLanguage":"es","potentialAction":[{"@type":"ReadAction","target":["https:\/\/bboxigen.com\/es\/blog\/"]}]},{"@type":"ImageObject","inLanguage":"es","@id":"https:\/\/bboxigen.com\/es\/blog\/#primaryimage","url":"https:\/\/bboxigen.com\/wp-content\/uploads\/2024\/03\/Blog-depilacio-laser-scaled.jpg","contentUrl":"https:\/\/bboxigen.com\/wp-content\/uploads\/2024\/03\/Blog-depilacio-laser-scaled.jpg","width":2560,"height":1707,"caption":"Blog depilacio laser"},{"@type":"BreadcrumbList","@id":"https:\/\/bboxigen.com\/es\/blog\/#breadcrumb","itemListElement":[{"@type":"ListItem","position":1,"name":"Inici","item":"https:\/\/bboxigen.com\/es\/"},{"@type":"ListItem","position":2,"name":"Blog"}]},{"@type":"WebSite","@id":"https:\/\/bboxigen.com\/#website","url":"https:\/\/bboxigen.com\/","name":"Bboxigen","description":"","publisher":{"@id":"https:\/\/bboxigen.com\/#organization"},"potentialAction":[{"@type":"SearchAction","target":{"@type":"EntryPoint","urlTemplate":"https:\/\/bboxigen.com\/?s={search_term_string}"},"query-input":"required name=search_term_string"}],"inLanguage":"es"},{"@type":"Organization","@id":"https:\/\/bboxigen.com\/#organization","name":"Bboxigen","url":"https:\/\/bboxigen.com\/","logo":{"@type":"ImageObject","inLanguage":"es","@id":"https:\/\/bboxigen.com\/#\/schema\/logo\/image\/","url":"https:\/\/bboxigen.com\/wp-content\/uploads\/2024\/03\/Logotipo-Bboxigen-2-e1709577732235.png","contentUrl":"https:\/\/bboxigen.com\/wp-content\/uploads\/2024\/03\/Logotipo-Bboxigen-2-e1709577732235.png","width":211,"height":98,"caption":"Bboxigen"},"image":{"@id":"https:\/\/bboxigen.com\/#\/schema\/logo\/image\/"},"sameAs":["https:\/\/www.instagram.com\/bb_oxigen\/"]}]}},"_links":{"self":[{"href":"https:\/\/bboxigen.com\/es\/wp-json\/wp\/v2\/pages\/12860","targetHints":{"allow":["GET"]}}],"collection":[{"href":"https:\/\/bboxigen.com\/es\/wp-json\/wp\/v2\/pages"}],"about":[{"href":"https:\/\/bboxigen.com\/es\/wp-json\/wp\/v2\/types\/page"}],"author":[{"embeddable":true,"href":"https:\/\/bboxigen.com\/es\/wp-json\/wp\/v2\/users\/1"}],"replies":[{"embeddable":true,"href":"https:\/\/bboxigen.com\/es\/wp-json\/wp\/v2\/comments?post=12860"}],"version-history":[{"count":4,"href":"https:\/\/bboxigen.com\/es\/wp-json\/wp\/v2\/pages\/12860\/revisions"}],"predecessor-version":[{"id":13017,"href":"https:\/\/bboxigen.com\/es\/wp-json\/wp\/v2\/pages\/12860\/revisions\/13017"}],"wp:attachment":[{"href":"https:\/\/bboxigen.com\/es\/wp-json\/wp\/v2\/media?parent=12860"}],"curies":[{"name":"wp","href":"https:\/\/api.w.org\/{rel}","templated":true}]}}