{"id":12805,"date":"2024-03-04T16:07:20","date_gmt":"2024-03-04T15:07:20","guid":{"rendered":"https:\/\/bboxigen.com\/?page_id=12805"},"modified":"2024-03-22T11:37:14","modified_gmt":"2024-03-22T10:37:14","slug":"fustaterapia","status":"publish","type":"page","link":"https:\/\/bboxigen.com\/es\/servicios\/fustaterapia\/","title":{"rendered":"Fustaterapia"},"content":{"rendered":"\t\t<div data-elementor-type=\"wp-page\" data-elementor-id=\"12805\" class=\"elementor elementor-12805 elementor-11895\">\n\t\t\t\t\t\t<section class=\"elementor-section elementor-top-section elementor-element elementor-element-989009b elementor-section-boxed elementor-section-height-default elementor-section-height-default\" data-id=\"989009b\" data-element_type=\"section\">\n\t\t\t\t\t\t<div class=\"elementor-container elementor-column-gap-default\">\n\t\t\t\t\t<div class=\"elementor-column elementor-col-100 elementor-top-column elementor-element elementor-element-26e4f92\" data-id=\"26e4f92\" data-element_type=\"column\">\n\t\t\t<div class=\"elementor-widget-wrap elementor-element-populated\">\n\t\t\t\t\t\t<div class=\"elementor-element elementor-element-ab92a23 elementor-widget elementor-widget-image\" data-id=\"ab92a23\" data-element_type=\"widget\" data-widget_type=\"image.default\">\n\t\t\t\t<div class=\"elementor-widget-container\">\n\t\t\t<style>\/*! elementor - v3.19.0 - 28-02-2024 *\/\n.elementor-widget-image{text-align:center}.elementor-widget-image a{display:inline-block}.elementor-widget-image a img[src$=\".svg\"]{width:48px}.elementor-widget-image img{vertical-align:middle;display:inline-block}<\/style>\t\t\t\t\t\t\t\t\t\t<img fetchpriority=\"high\" decoding=\"async\" width=\"2560\" height=\"1707\" src=\"https:\/\/bboxigen.com\/wp-content\/uploads\/2024\/03\/Fustaterapia-scaled.jpg\" class=\"attachment-full size-full wp-image-11914\" alt=\"Fustaterapia\" srcset=\"https:\/\/bboxigen.com\/wp-content\/uploads\/2024\/03\/Fustaterapia-scaled.jpg 2560w, https:\/\/bboxigen.com\/wp-content\/uploads\/2024\/03\/Fustaterapia-300x200.jpg 300w, https:\/\/bboxigen.com\/wp-content\/uploads\/2024\/03\/Fustaterapia-1024x683.jpg 1024w, https:\/\/bboxigen.com\/wp-content\/uploads\/2024\/03\/Fustaterapia-768x512.jpg 768w, https:\/\/bboxigen.com\/wp-content\/uploads\/2024\/03\/Fustaterapia-1536x1024.jpg 1536w, https:\/\/bboxigen.com\/wp-content\/uploads\/2024\/03\/Fustaterapia-2048x1365.jpg 2048w\" sizes=\"(max-width: 2560px) 100vw, 2560px\" \/>\t\t\t\t\t\t\t\t\t\t\t\t\t<\/div>\n\t\t\t\t<\/div>\n\t\t\t\t<div class=\"elementor-element elementor-element-7f82345 elementor-widget elementor-widget-heading\" data-id=\"7f82345\" data-element_type=\"widget\" data-widget_type=\"heading.default\">\n\t\t\t\t<div class=\"elementor-widget-container\">\n\t\t\t<style>\/*! elementor - v3.19.0 - 28-02-2024 *\/\n.elementor-heading-title{padding:0;margin:0;line-height:1}.elementor-widget-heading .elementor-heading-title[class*=elementor-size-]>a{color:inherit;font-size:inherit;line-height:inherit}.elementor-widget-heading .elementor-heading-title.elementor-size-small{font-size:15px}.elementor-widget-heading .elementor-heading-title.elementor-size-medium{font-size:19px}.elementor-widget-heading .elementor-heading-title.elementor-size-large{font-size:29px}.elementor-widget-heading .elementor-heading-title.elementor-size-xl{font-size:39px}.elementor-widget-heading .elementor-heading-title.elementor-size-xxl{font-size:59px}<\/style><h1 class=\"elementor-heading-title elementor-size-default\">Fustaterapia<\/h1>\t\t<\/div>\n\t\t\t\t<\/div>\n\t\t\t\t<div class=\"elementor-element elementor-element-fd8046a elementor-widget elementor-widget-witr_section_t_widget\" data-id=\"fd8046a\" data-element_type=\"widget\" data-widget_type=\"witr_section_t_widget.default\">\n\t\t\t\t<div class=\"elementor-widget-container\">\n\t\t\t\t\t\t\t\t<!-- text widget center -->\n\t\t\t\t\t<div class=\"witr_text_widget\">\n\t\t\t\t\t\t<div class=\"witr_text_widget_inner\">\n\t\t\t\t\t\t\t<!-- text widget top -->\n\t\t\t\t\t\t\t\t\t\t\t\t\t\n\t\t\t\t\t\t\t<!-- text widget middle -->\n\t\t\t\t\t\t\t\t\t\t\t\t\t\t<!-- text widget bottom -->\n\t\t\t\t\t\t\t\t\t\t\t\t\t\n\t\t\t\t\t\t\t<!-- content -->\n\t\t\t\t\t\t\t\t\t\t\t\t\t\t\t<p><div class=\"elementor-element elementor-element-88b1300 elementor-widget elementor-widget-heading\" data-id=\"88b1300\" data-element_type=\"widget\" data-widget_type=\"heading.default\">\n<div class=\"elementor-widget-container\">\n\n<span style=\"font-weight: 400;\">La Maderoterapia, como indica su nombre, es una terapia con maderas. Se trata de una t\u00e9cnica de masaje milenaria de origen oriental, no invasiva. Se utilizan elementos de madera de diferentes formas para adaptarse a las distintas zonas del cuerpo y del rostro. Nos cautiva la sensaci\u00f3n pero, sobre todo, tambi\u00e9n sus resultados.<\/span>\n\n<span style=\"font-weight: 400;\">Sus beneficios son muy amplios:<\/span>\n<li style=\"font-weight: 400;\" aria-level=\"1\"><span style=\"font-weight: 400;\">Mejora la circulaci\u00f3n sangu\u00ednea arterial y venosa favoreciendo la sensaci\u00f3n de descanso y ligereza.\u00a0<\/span><\/li>\n \t<li style=\"font-weight: 400;\" aria-level=\"1\"><span style=\"font-weight: 400;\">Regula la circulaci\u00f3n linf\u00e1tica, aumentando el drenaje y la desintoxicaci\u00f3n del organismo.\u00a0<\/span><\/li>\n \t<li style=\"font-weight: 400;\" aria-level=\"1\"><span style=\"font-weight: 400;\">Reafirma y tonifica la piel, gracias a la estimulaci\u00f3n de la producci\u00f3n de col\u00e1geno y elastina.\u00a0<\/span><\/li>\n \t<li style=\"font-weight: 400;\" aria-level=\"1\"><span style=\"font-weight: 400;\">Estimula la lip\u00f3lisis, reduciendo las acumulaciones de grasa localizada.\u00a0<\/span><\/li>\n \t<li style=\"font-weight: 400;\" aria-level=\"1\"><span style=\"font-weight: 400;\">Deshace la celulitis, dejando la piel m\u00e1s lisa sin n\u00f3dulos de grasa.\u00a0<\/span><\/li>\n \t<li style=\"font-weight: 400;\" aria-level=\"1\"><span style=\"font-weight: 400;\">Regula el sistema nervioso, equilibra la mente y los estados de \u00e1nimo, mejora la tonicidad muscular y aumenta el rendimiento f\u00edsico.<\/span><\/li>\n\n<span style=\"font-weight: 400;\">Cada organismo es diferente, pero siempre recomendamos ejercicio f\u00edsico y una alimentaci\u00f3n equilibrada para disfrutar de unos resultados mucho mejores.<\/span>\n\n<\/div>\n<\/div><\/p>\t\t\n\t\t\t\t\t\t\t\t\t\t\t\t\t\t\n\t\t\t\t\t\t\t<!--- List content --->\n\t\t\t\t\t\t\t<div class=\"witr_widget_list\">\n\t\t\t\t\t\t\t\t<ul>\t\t\t\t\t\t\t\n\t\t\t\t\t\t\t\t\t\t\t\t\t\t\t\t\t<\/ul>\n\t\t\t\t\t\t\t\t\t\n\t\t\t\t\t\t\t<\/div>\t\t\t\t\t\t\t\n\t\t\t\t\t\t<\/div>\n\t\t\t\t\t<\/div>\n\n\t\t\t\t\t\t<\/div>\n\t\t\t\t<\/div>\n\t\t\t\t\t<\/div>\n\t\t<\/div>\n\t\t\t\t\t<\/div>\n\t\t<\/section>\n\t\t\t\t<\/div>\n\t\t","protected":false},"excerpt":{"rendered":"<p>Fustaterapia La Maderoterapia, como indica su nombre, es una terapia con maderas. Se trata de una t\u00e9cnica de masaje milenaria de origen oriental, no invasiva. Se utilizan elementos de madera de diferentes formas para adaptarse a las distintas zonas del cuerpo y del rostro. Nos cautiva la sensaci\u00f3n pero, sobre todo, tambi\u00e9n sus resultados. Sus [&hellip;]<\/p>\n","protected":false},"author":1,"featured_media":0,"parent":12790,"menu_order":0,"comment_status":"closed","ping_status":"closed","template":"template-home.php","meta":{"footnotes":""},"class_list":["post-12805","page","type-page","status-publish","hentry"],"yoast_head":"<!-- This site is optimized with the Yoast SEO plugin v22.3 - https:\/\/yoast.com\/wordpress\/plugins\/seo\/ -->\n<title>Fustaterapia - Bboxigen<\/title>\n<meta name=\"robots\" content=\"index, follow, max-snippet:-1, max-image-preview:large, max-video-preview:-1\" \/>\n<link rel=\"canonical\" href=\"https:\/\/bboxigen.com\/es\/servicios\/fustaterapia\/\" \/>\n<meta property=\"og:locale\" content=\"es_ES\" \/>\n<meta property=\"og:type\" content=\"article\" \/>\n<meta property=\"og:title\" content=\"Fustaterapia - Bboxigen\" \/>\n<meta property=\"og:description\" content=\"Fustaterapia La Maderoterapia, como indica su nombre, es una terapia con maderas. Se trata de una t\u00e9cnica de masaje milenaria de origen oriental, no invasiva. Se utilizan elementos de madera de diferentes formas para adaptarse a las distintas zonas del cuerpo y del rostro. Nos cautiva la sensaci\u00f3n pero, sobre todo, tambi\u00e9n sus resultados. Sus [&hellip;]\" \/>\n<meta property=\"og:url\" content=\"https:\/\/bboxigen.com\/es\/servicios\/fustaterapia\/\" \/>\n<meta property=\"og:site_name\" content=\"Bboxigen\" \/>\n<meta property=\"article:modified_time\" content=\"2024-03-22T10:37:14+00:00\" \/>\n<meta property=\"og:image\" content=\"https:\/\/bboxigen.com\/wp-content\/uploads\/2024\/03\/Fustaterapia-scaled.jpg\" \/>\n<meta name=\"twitter:card\" content=\"summary_large_image\" \/>\n<meta name=\"twitter:label1\" content=\"Tiempo de lectura\" \/>\n\t<meta name=\"twitter:data1\" content=\"2 minutos\" \/>\n<script type=\"application\/ld+json\" class=\"yoast-schema-graph\">{\"@context\":\"https:\/\/schema.org\",\"@graph\":[{\"@type\":\"WebPage\",\"@id\":\"https:\/\/bboxigen.com\/es\/servicios\/fustaterapia\/\",\"url\":\"https:\/\/bboxigen.com\/es\/servicios\/fustaterapia\/\",\"name\":\"Fustaterapia - Bboxigen\",\"isPartOf\":{\"@id\":\"https:\/\/bboxigen.com\/#website\"},\"primaryImageOfPage\":{\"@id\":\"https:\/\/bboxigen.com\/es\/servicios\/fustaterapia\/#primaryimage\"},\"image\":{\"@id\":\"https:\/\/bboxigen.com\/es\/servicios\/fustaterapia\/#primaryimage\"},\"thumbnailUrl\":\"https:\/\/bboxigen.com\/wp-content\/uploads\/2024\/03\/Fustaterapia-scaled.jpg\",\"datePublished\":\"2024-03-04T15:07:20+00:00\",\"dateModified\":\"2024-03-22T10:37:14+00:00\",\"breadcrumb\":{\"@id\":\"https:\/\/bboxigen.com\/es\/servicios\/fustaterapia\/#breadcrumb\"},\"inLanguage\":\"es\",\"potentialAction\":[{\"@type\":\"ReadAction\",\"target\":[\"https:\/\/bboxigen.com\/es\/servicios\/fustaterapia\/\"]}]},{\"@type\":\"ImageObject\",\"inLanguage\":\"es\",\"@id\":\"https:\/\/bboxigen.com\/es\/servicios\/fustaterapia\/#primaryimage\",\"url\":\"https:\/\/bboxigen.com\/wp-content\/uploads\/2024\/03\/Fustaterapia-scaled.jpg\",\"contentUrl\":\"https:\/\/bboxigen.com\/wp-content\/uploads\/2024\/03\/Fustaterapia-scaled.jpg\",\"width\":2560,\"height\":1707,\"caption\":\"Fustaterapia\"},{\"@type\":\"BreadcrumbList\",\"@id\":\"https:\/\/bboxigen.com\/es\/servicios\/fustaterapia\/#breadcrumb\",\"itemListElement\":[{\"@type\":\"ListItem\",\"position\":1,\"name\":\"Inici\",\"item\":\"https:\/\/bboxigen.com\/es\/\"},{\"@type\":\"ListItem\",\"position\":2,\"name\":\"Servicios\",\"item\":\"https:\/\/bboxigen.com\/es\/servicios\/\"},{\"@type\":\"ListItem\",\"position\":3,\"name\":\"Fustaterapia\"}]},{\"@type\":\"WebSite\",\"@id\":\"https:\/\/bboxigen.com\/#website\",\"url\":\"https:\/\/bboxigen.com\/\",\"name\":\"Bboxigen\",\"description\":\"\",\"publisher\":{\"@id\":\"https:\/\/bboxigen.com\/#organization\"},\"potentialAction\":[{\"@type\":\"SearchAction\",\"target\":{\"@type\":\"EntryPoint\",\"urlTemplate\":\"https:\/\/bboxigen.com\/?s={search_term_string}\"},\"query-input\":\"required name=search_term_string\"}],\"inLanguage\":\"es\"},{\"@type\":\"Organization\",\"@id\":\"https:\/\/bboxigen.com\/#organization\",\"name\":\"Bboxigen\",\"url\":\"https:\/\/bboxigen.com\/\",\"logo\":{\"@type\":\"ImageObject\",\"inLanguage\":\"es\",\"@id\":\"https:\/\/bboxigen.com\/#\/schema\/logo\/image\/\",\"url\":\"https:\/\/bboxigen.com\/wp-content\/uploads\/2024\/03\/Logotipo-Bboxigen-2-e1709577732235.png\",\"contentUrl\":\"https:\/\/bboxigen.com\/wp-content\/uploads\/2024\/03\/Logotipo-Bboxigen-2-e1709577732235.png\",\"width\":211,\"height\":98,\"caption\":\"Bboxigen\"},\"image\":{\"@id\":\"https:\/\/bboxigen.com\/#\/schema\/logo\/image\/\"},\"sameAs\":[\"https:\/\/www.instagram.com\/bb_oxigen\/\"]}]}<\/script>\n<!-- \/ Yoast SEO plugin. -->","yoast_head_json":{"title":"Fustaterapia - Bboxigen","robots":{"index":"index","follow":"follow","max-snippet":"max-snippet:-1","max-image-preview":"max-image-preview:large","max-video-preview":"max-video-preview:-1"},"canonical":"https:\/\/bboxigen.com\/es\/servicios\/fustaterapia\/","og_locale":"es_ES","og_type":"article","og_title":"Fustaterapia - Bboxigen","og_description":"Fustaterapia La Maderoterapia, como indica su nombre, es una terapia con maderas. Se trata de una t\u00e9cnica de masaje milenaria de origen oriental, no invasiva. Se utilizan elementos de madera de diferentes formas para adaptarse a las distintas zonas del cuerpo y del rostro. Nos cautiva la sensaci\u00f3n pero, sobre todo, tambi\u00e9n sus resultados. Sus [&hellip;]","og_url":"https:\/\/bboxigen.com\/es\/servicios\/fustaterapia\/","og_site_name":"Bboxigen","article_modified_time":"2024-03-22T10:37:14+00:00","og_image":[{"url":"https:\/\/bboxigen.com\/wp-content\/uploads\/2024\/03\/Fustaterapia-scaled.jpg"}],"twitter_card":"summary_large_image","twitter_misc":{"Tiempo de lectura":"2 minutos"},"schema":{"@context":"https:\/\/schema.org","@graph":[{"@type":"WebPage","@id":"https:\/\/bboxigen.com\/es\/servicios\/fustaterapia\/","url":"https:\/\/bboxigen.com\/es\/servicios\/fustaterapia\/","name":"Fustaterapia - Bboxigen","isPartOf":{"@id":"https:\/\/bboxigen.com\/#website"},"primaryImageOfPage":{"@id":"https:\/\/bboxigen.com\/es\/servicios\/fustaterapia\/#primaryimage"},"image":{"@id":"https:\/\/bboxigen.com\/es\/servicios\/fustaterapia\/#primaryimage"},"thumbnailUrl":"https:\/\/bboxigen.com\/wp-content\/uploads\/2024\/03\/Fustaterapia-scaled.jpg","datePublished":"2024-03-04T15:07:20+00:00","dateModified":"2024-03-22T10:37:14+00:00","breadcrumb":{"@id":"https:\/\/bboxigen.com\/es\/servicios\/fustaterapia\/#breadcrumb"},"inLanguage":"es","potentialAction":[{"@type":"ReadAction","target":["https:\/\/bboxigen.com\/es\/servicios\/fustaterapia\/"]}]},{"@type":"ImageObject","inLanguage":"es","@id":"https:\/\/bboxigen.com\/es\/servicios\/fustaterapia\/#primaryimage","url":"https:\/\/bboxigen.com\/wp-content\/uploads\/2024\/03\/Fustaterapia-scaled.jpg","contentUrl":"https:\/\/bboxigen.com\/wp-content\/uploads\/2024\/03\/Fustaterapia-scaled.jpg","width":2560,"height":1707,"caption":"Fustaterapia"},{"@type":"BreadcrumbList","@id":"https:\/\/bboxigen.com\/es\/servicios\/fustaterapia\/#breadcrumb","itemListElement":[{"@type":"ListItem","position":1,"name":"Inici","item":"https:\/\/bboxigen.com\/es\/"},{"@type":"ListItem","position":2,"name":"Servicios","item":"https:\/\/bboxigen.com\/es\/servicios\/"},{"@type":"ListItem","position":3,"name":"Fustaterapia"}]},{"@type":"WebSite","@id":"https:\/\/bboxigen.com\/#website","url":"https:\/\/bboxigen.com\/","name":"Bboxigen","description":"","publisher":{"@id":"https:\/\/bboxigen.com\/#organization"},"potentialAction":[{"@type":"SearchAction","target":{"@type":"EntryPoint","urlTemplate":"https:\/\/bboxigen.com\/?s={search_term_string}"},"query-input":"required name=search_term_string"}],"inLanguage":"es"},{"@type":"Organization","@id":"https:\/\/bboxigen.com\/#organization","name":"Bboxigen","url":"https:\/\/bboxigen.com\/","logo":{"@type":"ImageObject","inLanguage":"es","@id":"https:\/\/bboxigen.com\/#\/schema\/logo\/image\/","url":"https:\/\/bboxigen.com\/wp-content\/uploads\/2024\/03\/Logotipo-Bboxigen-2-e1709577732235.png","contentUrl":"https:\/\/bboxigen.com\/wp-content\/uploads\/2024\/03\/Logotipo-Bboxigen-2-e1709577732235.png","width":211,"height":98,"caption":"Bboxigen"},"image":{"@id":"https:\/\/bboxigen.com\/#\/schema\/logo\/image\/"},"sameAs":["https:\/\/www.instagram.com\/bb_oxigen\/"]}]}},"_links":{"self":[{"href":"https:\/\/bboxigen.com\/es\/wp-json\/wp\/v2\/pages\/12805","targetHints":{"allow":["GET"]}}],"collection":[{"href":"https:\/\/bboxigen.com\/es\/wp-json\/wp\/v2\/pages"}],"about":[{"href":"https:\/\/bboxigen.com\/es\/wp-json\/wp\/v2\/types\/page"}],"author":[{"embeddable":true,"href":"https:\/\/bboxigen.com\/es\/wp-json\/wp\/v2\/users\/1"}],"replies":[{"embeddable":true,"href":"https:\/\/bboxigen.com\/es\/wp-json\/wp\/v2\/comments?post=12805"}],"version-history":[{"count":13,"href":"https:\/\/bboxigen.com\/es\/wp-json\/wp\/v2\/pages\/12805\/revisions"}],"predecessor-version":[{"id":13099,"href":"https:\/\/bboxigen.com\/es\/wp-json\/wp\/v2\/pages\/12805\/revisions\/13099"}],"up":[{"embeddable":true,"href":"https:\/\/bboxigen.com\/es\/wp-json\/wp\/v2\/pages\/12790"}],"wp:attachment":[{"href":"https:\/\/bboxigen.com\/es\/wp-json\/wp\/v2\/media?parent=12805"}],"curies":[{"name":"wp","href":"https:\/\/api.w.org\/{rel}","templated":true}]}}