{"id":12800,"date":"2024-03-04T16:03:05","date_gmt":"2024-03-04T15:03:05","guid":{"rendered":"https:\/\/bboxigen.com\/?page_id=12800"},"modified":"2024-03-22T11:36:18","modified_gmt":"2024-03-22T10:36:18","slug":"depilacion","status":"publish","type":"page","link":"https:\/\/bboxigen.com\/es\/servicios\/depilacion\/","title":{"rendered":"Depilaci\u00f3n"},"content":{"rendered":"\t\t<div data-elementor-type=\"wp-page\" data-elementor-id=\"12800\" class=\"elementor elementor-12800 elementor-11886\">\n\t\t\t\t\t\t<section class=\"elementor-section elementor-top-section elementor-element elementor-element-989009b elementor-section-boxed elementor-section-height-default elementor-section-height-default\" data-id=\"989009b\" data-element_type=\"section\">\n\t\t\t\t\t\t<div class=\"elementor-container elementor-column-gap-default\">\n\t\t\t\t\t<div class=\"elementor-column elementor-col-100 elementor-top-column elementor-element elementor-element-26e4f92\" data-id=\"26e4f92\" data-element_type=\"column\">\n\t\t\t<div class=\"elementor-widget-wrap elementor-element-populated\">\n\t\t\t\t\t\t<div class=\"elementor-element elementor-element-ab92a23 elementor-widget elementor-widget-image\" data-id=\"ab92a23\" data-element_type=\"widget\" data-widget_type=\"image.default\">\n\t\t\t\t<div class=\"elementor-widget-container\">\n\t\t\t<style>\/*! elementor - v3.19.0 - 28-02-2024 *\/\n.elementor-widget-image{text-align:center}.elementor-widget-image a{display:inline-block}.elementor-widget-image a img[src$=\".svg\"]{width:48px}.elementor-widget-image img{vertical-align:middle;display:inline-block}<\/style>\t\t\t\t\t\t\t\t\t\t<img fetchpriority=\"high\" decoding=\"async\" width=\"640\" height=\"412\" src=\"https:\/\/bboxigen.com\/wp-content\/uploads\/2024\/03\/DEPILACION-CON-CERA-TIBIA.jpg\" class=\"attachment-full size-full wp-image-11891\" alt=\"DEPILACI\u00d3N-CON-CERA-TIBIA\" srcset=\"https:\/\/bboxigen.com\/wp-content\/uploads\/2024\/03\/DEPILACION-CON-CERA-TIBIA.jpg 640w, https:\/\/bboxigen.com\/wp-content\/uploads\/2024\/03\/DEPILACION-CON-CERA-TIBIA-300x193.jpg 300w, https:\/\/bboxigen.com\/wp-content\/uploads\/2024\/03\/DEPILACION-CON-CERA-TIBIA-390x250.jpg 390w\" sizes=\"(max-width: 640px) 100vw, 640px\" \/>\t\t\t\t\t\t\t\t\t\t\t\t\t<\/div>\n\t\t\t\t<\/div>\n\t\t\t\t<div class=\"elementor-element elementor-element-0920658 elementor-widget elementor-widget-heading\" data-id=\"0920658\" data-element_type=\"widget\" data-widget_type=\"heading.default\">\n\t\t\t\t<div class=\"elementor-widget-container\">\n\t\t\t<style>\/*! elementor - v3.19.0 - 28-02-2024 *\/\n.elementor-heading-title{padding:0;margin:0;line-height:1}.elementor-widget-heading .elementor-heading-title[class*=elementor-size-]>a{color:inherit;font-size:inherit;line-height:inherit}.elementor-widget-heading .elementor-heading-title.elementor-size-small{font-size:15px}.elementor-widget-heading .elementor-heading-title.elementor-size-medium{font-size:19px}.elementor-widget-heading .elementor-heading-title.elementor-size-large{font-size:29px}.elementor-widget-heading .elementor-heading-title.elementor-size-xl{font-size:39px}.elementor-widget-heading .elementor-heading-title.elementor-size-xxl{font-size:59px}<\/style><h1 class=\"elementor-heading-title elementor-size-default\">Depilaci\u00f3n<\/h1>\t\t<\/div>\n\t\t\t\t<\/div>\n\t\t\t\t<div class=\"elementor-element elementor-element-fd8046a elementor-widget elementor-widget-witr_section_t_widget\" data-id=\"fd8046a\" data-element_type=\"widget\" data-widget_type=\"witr_section_t_widget.default\">\n\t\t\t\t<div class=\"elementor-widget-container\">\n\t\t\t\t\t\t\t\t<!-- text widget center -->\n\t\t\t\t\t<div class=\"witr_text_widget\">\n\t\t\t\t\t\t<div class=\"witr_text_widget_inner\">\n\t\t\t\t\t\t\t<!-- text widget top -->\n\t\t\t\t\t\t\t\t\t\t\t\t\t\n\t\t\t\t\t\t\t<!-- text widget middle -->\n\t\t\t\t\t\t\t\t\t\t\t\t\t\t<!-- text widget bottom -->\n\t\t\t\t\t\t\t\t\t\t\t\t\t\n\t\t\t\t\t\t\t<!-- content -->\n\t\t\t\t\t\t\t\t\t\t\t\t\t\t\t<p><div class=\"elementor-element elementor-element-88b1300 elementor-widget elementor-widget-heading\" data-id=\"88b1300\" data-element_type=\"widget\" data-widget_type=\"heading.default\"><div class=\"elementor-widget-container\"><p><span style=\"font-weight: 400;\">Ofrecemos una depilaci\u00f3n con cera caliente de baja fusi\u00f3n, el\u00e1stica e ideal para zonas m\u00e1s delicadas como axilas, ingles, labio superior, cejas.<\/span><\/p><p><span style=\"font-weight: 400;\">Por otro lado, en las zonas donde la piel es m\u00e1s resistente ofrecemos cera tibia, un sistema r\u00e1pido donde la piel queda suave y sin irritaciones.<\/span><\/p><\/div><\/div><\/p>\t\t\n\t\t\t\t\t\t\t\t\t\t\t\t\t\t\n\t\t\t\t\t\t\t<!--- List content --->\n\t\t\t\t\t\t\t<div class=\"witr_widget_list\">\n\t\t\t\t\t\t\t\t<ul>\t\t\t\t\t\t\t\n\t\t\t\t\t\t\t\t\t\t\t\t\t\t\t\t\t<\/ul>\n\t\t\t\t\t\t\t\t\t\n\t\t\t\t\t\t\t<\/div>\t\t\t\t\t\t\t\n\t\t\t\t\t\t<\/div>\n\t\t\t\t\t<\/div>\n\n\t\t\t\t\t\t<\/div>\n\t\t\t\t<\/div>\n\t\t\t\t\t<\/div>\n\t\t<\/div>\n\t\t\t\t\t<\/div>\n\t\t<\/section>\n\t\t\t\t<\/div>\n\t\t","protected":false},"excerpt":{"rendered":"<p>Depilaci\u00f3n Ofrecemos una depilaci\u00f3n con cera caliente de baja fusi\u00f3n, el\u00e1stica e ideal para zonas m\u00e1s delicadas como axilas, ingles, labio superior, cejas. Por otro lado, en las zonas donde la piel es m\u00e1s resistente ofrecemos cera tibia, un sistema r\u00e1pido donde la piel queda suave y sin irritaciones.<\/p>\n","protected":false},"author":1,"featured_media":0,"parent":12790,"menu_order":0,"comment_status":"closed","ping_status":"closed","template":"template-home.php","meta":{"footnotes":""},"class_list":["post-12800","page","type-page","status-publish","hentry"],"yoast_head":"<!-- This site is optimized with the Yoast SEO plugin v22.3 - https:\/\/yoast.com\/wordpress\/plugins\/seo\/ -->\n<title>Depilaci\u00f3n - Bboxigen<\/title>\n<meta name=\"robots\" content=\"index, follow, max-snippet:-1, max-image-preview:large, max-video-preview:-1\" \/>\n<link rel=\"canonical\" href=\"https:\/\/bboxigen.com\/es\/servicios\/depilacion\/\" \/>\n<meta property=\"og:locale\" content=\"es_ES\" \/>\n<meta property=\"og:type\" content=\"article\" \/>\n<meta property=\"og:title\" content=\"Depilaci\u00f3n - Bboxigen\" \/>\n<meta property=\"og:description\" content=\"Depilaci\u00f3n Ofrecemos una depilaci\u00f3n con cera caliente de baja fusi\u00f3n, el\u00e1stica e ideal para zonas m\u00e1s delicadas como axilas, ingles, labio superior, cejas. Por otro lado, en las zonas donde la piel es m\u00e1s resistente ofrecemos cera tibia, un sistema r\u00e1pido donde la piel queda suave y sin irritaciones.\" \/>\n<meta property=\"og:url\" content=\"https:\/\/bboxigen.com\/es\/servicios\/depilacion\/\" \/>\n<meta property=\"og:site_name\" content=\"Bboxigen\" \/>\n<meta property=\"article:modified_time\" content=\"2024-03-22T10:36:18+00:00\" \/>\n<meta property=\"og:image\" content=\"https:\/\/bboxigen.com\/wp-content\/uploads\/2024\/03\/DEPILACION-CON-CERA-TIBIA.jpg\" \/>\n<meta name=\"twitter:card\" content=\"summary_large_image\" \/>\n<meta name=\"twitter:label1\" content=\"Tiempo de lectura\" \/>\n\t<meta name=\"twitter:data1\" content=\"1 minuto\" \/>\n<script type=\"application\/ld+json\" class=\"yoast-schema-graph\">{\"@context\":\"https:\/\/schema.org\",\"@graph\":[{\"@type\":\"WebPage\",\"@id\":\"https:\/\/bboxigen.com\/es\/servicios\/depilacion\/\",\"url\":\"https:\/\/bboxigen.com\/es\/servicios\/depilacion\/\",\"name\":\"Depilaci\u00f3n - Bboxigen\",\"isPartOf\":{\"@id\":\"https:\/\/bboxigen.com\/#website\"},\"primaryImageOfPage\":{\"@id\":\"https:\/\/bboxigen.com\/es\/servicios\/depilacion\/#primaryimage\"},\"image\":{\"@id\":\"https:\/\/bboxigen.com\/es\/servicios\/depilacion\/#primaryimage\"},\"thumbnailUrl\":\"https:\/\/bboxigen.com\/wp-content\/uploads\/2024\/03\/DEPILACION-CON-CERA-TIBIA.jpg\",\"datePublished\":\"2024-03-04T15:03:05+00:00\",\"dateModified\":\"2024-03-22T10:36:18+00:00\",\"breadcrumb\":{\"@id\":\"https:\/\/bboxigen.com\/es\/servicios\/depilacion\/#breadcrumb\"},\"inLanguage\":\"es\",\"potentialAction\":[{\"@type\":\"ReadAction\",\"target\":[\"https:\/\/bboxigen.com\/es\/servicios\/depilacion\/\"]}]},{\"@type\":\"ImageObject\",\"inLanguage\":\"es\",\"@id\":\"https:\/\/bboxigen.com\/es\/servicios\/depilacion\/#primaryimage\",\"url\":\"https:\/\/bboxigen.com\/wp-content\/uploads\/2024\/03\/DEPILACION-CON-CERA-TIBIA.jpg\",\"contentUrl\":\"https:\/\/bboxigen.com\/wp-content\/uploads\/2024\/03\/DEPILACION-CON-CERA-TIBIA.jpg\",\"width\":640,\"height\":412,\"caption\":\"DEPILACI\u00d3N-CON-CERA-TIBIA\"},{\"@type\":\"BreadcrumbList\",\"@id\":\"https:\/\/bboxigen.com\/es\/servicios\/depilacion\/#breadcrumb\",\"itemListElement\":[{\"@type\":\"ListItem\",\"position\":1,\"name\":\"Inici\",\"item\":\"https:\/\/bboxigen.com\/es\/\"},{\"@type\":\"ListItem\",\"position\":2,\"name\":\"Servicios\",\"item\":\"https:\/\/bboxigen.com\/es\/servicios\/\"},{\"@type\":\"ListItem\",\"position\":3,\"name\":\"Depilaci\u00f3n\"}]},{\"@type\":\"WebSite\",\"@id\":\"https:\/\/bboxigen.com\/#website\",\"url\":\"https:\/\/bboxigen.com\/\",\"name\":\"Bboxigen\",\"description\":\"\",\"publisher\":{\"@id\":\"https:\/\/bboxigen.com\/#organization\"},\"potentialAction\":[{\"@type\":\"SearchAction\",\"target\":{\"@type\":\"EntryPoint\",\"urlTemplate\":\"https:\/\/bboxigen.com\/?s={search_term_string}\"},\"query-input\":\"required name=search_term_string\"}],\"inLanguage\":\"es\"},{\"@type\":\"Organization\",\"@id\":\"https:\/\/bboxigen.com\/#organization\",\"name\":\"Bboxigen\",\"url\":\"https:\/\/bboxigen.com\/\",\"logo\":{\"@type\":\"ImageObject\",\"inLanguage\":\"es\",\"@id\":\"https:\/\/bboxigen.com\/#\/schema\/logo\/image\/\",\"url\":\"https:\/\/bboxigen.com\/wp-content\/uploads\/2024\/03\/Logotipo-Bboxigen-2-e1709577732235.png\",\"contentUrl\":\"https:\/\/bboxigen.com\/wp-content\/uploads\/2024\/03\/Logotipo-Bboxigen-2-e1709577732235.png\",\"width\":211,\"height\":98,\"caption\":\"Bboxigen\"},\"image\":{\"@id\":\"https:\/\/bboxigen.com\/#\/schema\/logo\/image\/\"},\"sameAs\":[\"https:\/\/www.instagram.com\/bb_oxigen\/\"]}]}<\/script>\n<!-- \/ Yoast SEO plugin. -->","yoast_head_json":{"title":"Depilaci\u00f3n - Bboxigen","robots":{"index":"index","follow":"follow","max-snippet":"max-snippet:-1","max-image-preview":"max-image-preview:large","max-video-preview":"max-video-preview:-1"},"canonical":"https:\/\/bboxigen.com\/es\/servicios\/depilacion\/","og_locale":"es_ES","og_type":"article","og_title":"Depilaci\u00f3n - Bboxigen","og_description":"Depilaci\u00f3n Ofrecemos una depilaci\u00f3n con cera caliente de baja fusi\u00f3n, el\u00e1stica e ideal para zonas m\u00e1s delicadas como axilas, ingles, labio superior, cejas. Por otro lado, en las zonas donde la piel es m\u00e1s resistente ofrecemos cera tibia, un sistema r\u00e1pido donde la piel queda suave y sin irritaciones.","og_url":"https:\/\/bboxigen.com\/es\/servicios\/depilacion\/","og_site_name":"Bboxigen","article_modified_time":"2024-03-22T10:36:18+00:00","og_image":[{"url":"https:\/\/bboxigen.com\/wp-content\/uploads\/2024\/03\/DEPILACION-CON-CERA-TIBIA.jpg"}],"twitter_card":"summary_large_image","twitter_misc":{"Tiempo de lectura":"1 minuto"},"schema":{"@context":"https:\/\/schema.org","@graph":[{"@type":"WebPage","@id":"https:\/\/bboxigen.com\/es\/servicios\/depilacion\/","url":"https:\/\/bboxigen.com\/es\/servicios\/depilacion\/","name":"Depilaci\u00f3n - Bboxigen","isPartOf":{"@id":"https:\/\/bboxigen.com\/#website"},"primaryImageOfPage":{"@id":"https:\/\/bboxigen.com\/es\/servicios\/depilacion\/#primaryimage"},"image":{"@id":"https:\/\/bboxigen.com\/es\/servicios\/depilacion\/#primaryimage"},"thumbnailUrl":"https:\/\/bboxigen.com\/wp-content\/uploads\/2024\/03\/DEPILACION-CON-CERA-TIBIA.jpg","datePublished":"2024-03-04T15:03:05+00:00","dateModified":"2024-03-22T10:36:18+00:00","breadcrumb":{"@id":"https:\/\/bboxigen.com\/es\/servicios\/depilacion\/#breadcrumb"},"inLanguage":"es","potentialAction":[{"@type":"ReadAction","target":["https:\/\/bboxigen.com\/es\/servicios\/depilacion\/"]}]},{"@type":"ImageObject","inLanguage":"es","@id":"https:\/\/bboxigen.com\/es\/servicios\/depilacion\/#primaryimage","url":"https:\/\/bboxigen.com\/wp-content\/uploads\/2024\/03\/DEPILACION-CON-CERA-TIBIA.jpg","contentUrl":"https:\/\/bboxigen.com\/wp-content\/uploads\/2024\/03\/DEPILACION-CON-CERA-TIBIA.jpg","width":640,"height":412,"caption":"DEPILACI\u00d3N-CON-CERA-TIBIA"},{"@type":"BreadcrumbList","@id":"https:\/\/bboxigen.com\/es\/servicios\/depilacion\/#breadcrumb","itemListElement":[{"@type":"ListItem","position":1,"name":"Inici","item":"https:\/\/bboxigen.com\/es\/"},{"@type":"ListItem","position":2,"name":"Servicios","item":"https:\/\/bboxigen.com\/es\/servicios\/"},{"@type":"ListItem","position":3,"name":"Depilaci\u00f3n"}]},{"@type":"WebSite","@id":"https:\/\/bboxigen.com\/#website","url":"https:\/\/bboxigen.com\/","name":"Bboxigen","description":"","publisher":{"@id":"https:\/\/bboxigen.com\/#organization"},"potentialAction":[{"@type":"SearchAction","target":{"@type":"EntryPoint","urlTemplate":"https:\/\/bboxigen.com\/?s={search_term_string}"},"query-input":"required name=search_term_string"}],"inLanguage":"es"},{"@type":"Organization","@id":"https:\/\/bboxigen.com\/#organization","name":"Bboxigen","url":"https:\/\/bboxigen.com\/","logo":{"@type":"ImageObject","inLanguage":"es","@id":"https:\/\/bboxigen.com\/#\/schema\/logo\/image\/","url":"https:\/\/bboxigen.com\/wp-content\/uploads\/2024\/03\/Logotipo-Bboxigen-2-e1709577732235.png","contentUrl":"https:\/\/bboxigen.com\/wp-content\/uploads\/2024\/03\/Logotipo-Bboxigen-2-e1709577732235.png","width":211,"height":98,"caption":"Bboxigen"},"image":{"@id":"https:\/\/bboxigen.com\/#\/schema\/logo\/image\/"},"sameAs":["https:\/\/www.instagram.com\/bb_oxigen\/"]}]}},"_links":{"self":[{"href":"https:\/\/bboxigen.com\/es\/wp-json\/wp\/v2\/pages\/12800","targetHints":{"allow":["GET"]}}],"collection":[{"href":"https:\/\/bboxigen.com\/es\/wp-json\/wp\/v2\/pages"}],"about":[{"href":"https:\/\/bboxigen.com\/es\/wp-json\/wp\/v2\/types\/page"}],"author":[{"embeddable":true,"href":"https:\/\/bboxigen.com\/es\/wp-json\/wp\/v2\/users\/1"}],"replies":[{"embeddable":true,"href":"https:\/\/bboxigen.com\/es\/wp-json\/wp\/v2\/comments?post=12800"}],"version-history":[{"count":13,"href":"https:\/\/bboxigen.com\/es\/wp-json\/wp\/v2\/pages\/12800\/revisions"}],"predecessor-version":[{"id":13093,"href":"https:\/\/bboxigen.com\/es\/wp-json\/wp\/v2\/pages\/12800\/revisions\/13093"}],"up":[{"embeddable":true,"href":"https:\/\/bboxigen.com\/es\/wp-json\/wp\/v2\/pages\/12790"}],"wp:attachment":[{"href":"https:\/\/bboxigen.com\/es\/wp-json\/wp\/v2\/media?parent=12800"}],"curies":[{"name":"wp","href":"https:\/\/api.w.org\/{rel}","templated":true}]}}